{"id":7,"date":"2026-03-20T10:17:30","date_gmt":"2026-03-20T10:17:30","guid":{"rendered":"http:\/\/medskin.cz\/?page_id=7"},"modified":"2026-04-10T12:20:33","modified_gmt":"2026-04-10T12:20:33","slug":"domu","status":"publish","type":"page","link":"https:\/\/medskin.cz\/de\/","title":{"rendered":"Startseite"},"content":{"rendered":"<div class=\"wp-block-cover alignfull\" style=\"min-height:720px;aspect-ratio:unset;\"><span aria-hidden=\"true\" class=\"wp-block-cover__background has-background-dim-100 has-background-dim has-background-gradient\" style=\"background:linear-gradient(35deg,rgb(150,0,144) 0%,rgb(255,5,227) 73%,rgb(255,15,187) 100%)\"><\/span><div class=\"wp-block-cover__inner-container is-layout-flow wp-block-cover-is-layout-flow\">\n<div class=\"inherit-container-width wp-block-group alignwide is-layout-constrained wp-block-group-is-layout-constrained\">\n<div class=\"wp-block-group alignwide is-layout-constrained wp-block-group-is-layout-constrained\">\n<div class=\"wp-block-columns alignwide are-vertically-aligned-center is-layout-flex wp-container-core-columns-is-layout-28f84493 wp-block-columns-is-layout-flex\">\n<div class=\"wp-block-column is-layout-flow wp-block-column-is-layout-flow\" style=\"flex-basis:57%\">\n<h2 class=\"wp-block-heading has-text-align-left has-white-color has-text-color\"><strong>Moderne \u00e4sthetische Medizin <\/strong><br><strong>mit Fokus auf Nat\u00fcrlichkeit <\/strong><br><strong>und Sicherheit.<\/strong><\/h2>\n\n\n\n<p class=\"has-white-color has-text-color\"><\/p>\n<\/div>\n\n\n\n<div class=\"wp-block-column is-layout-flow wp-block-column-is-layout-flow\" style=\"flex-basis:43%\">\n<div class=\"wp-block-group is-layout-constrained wp-block-group-is-layout-constrained\">\n<div class=\"wp-block-group is-layout-constrained wp-block-group-is-layout-constrained\">\n<div class=\"wp-block-columns is-layout-flex wp-container-core-columns-is-layout-28f84493 wp-block-columns-is-layout-flex\">\n<div class=\"wp-block-column is-layout-flow wp-block-column-is-layout-flow\" style=\"flex-basis:100%\">\n<p class=\"has-ast-global-color-5-color has-text-color has-link-color wp-elements-76a0a2b9a79a8863fdce27dda6c88bde\">Wir helfen Frauen, sich in ihrem K\u00f6rper wohlzuf\u00fchlen \u2013 nat\u00fcrlich, einf\u00fchlsam <br>und mit Respekt f\u00fcr ihre Individualit\u00e4t.<\/p>\n\n\n\n<p class=\"has-ast-global-color-5-color has-text-color has-link-color wp-elements-fa831e5e3419a23c72f761e90f0d8a44\">\u2714 Individueller Ansatz<\/p>\n\n\n\n<p class=\"has-ast-global-color-5-color has-text-color has-link-color wp-elements-58d5cd2e7c59c1c0ebd1e49a98928f52\">\u2714 Fachkundige \u00e4rztliche Betreuung<\/p>\n\n\n\n<p class=\"has-ast-global-color-5-color has-text-color has-link-color wp-elements-00aba6a429f846e981f421c793c2a5f1\">\u2714 Moderne und sichere Methoden<br><\/p>\n\n\n\n<div class=\"wp-block-buttons is-layout-flex wp-block-buttons-is-layout-flex\">\n<div class=\"wp-block-button\"><a class=\"wp-block-button__link has-text-align-center wp-element-button\" href=\"https:\/\/rezervace.medskin.cz\/\">Buchen Sie Ihren Termin online<\/a><\/div>\n<\/div>\n<\/div>\n<\/div>\n<\/div>\n<\/div>\n<\/div>\n<\/div>\n<\/div>\n<\/div>\n<\/div><\/div>\n\n\n\n<div class=\"wp-block-group alignfull is-layout-constrained wp-container-core-group-is-layout-45b0ac4f wp-block-group-is-layout-constrained\" id=\"sluzby\" style=\"padding-top:144px;padding-bottom:0px\">\n<h2 class=\"wp-block-heading\">Unsere Leistungen<\/h2>\n\n\n\n<div class=\"wp-block-columns is-layout-flex wp-container-core-columns-is-layout-60cbf9bb wp-block-columns-is-layout-flex\" style=\"margin-top:50px\">\n<div class=\"wp-block-column is-layout-flow wp-container-core-column-is-layout-6b73ce23 wp-block-column-is-layout-flow\">\n<figure class=\"wp-block-image size-full is-resized\"><img loading=\"lazy\" decoding=\"async\" width=\"1080\" height=\"1080\" src=\"http:\/\/medskin.cz\/wp-content\/uploads\/2026\/03\/vzor.png\" alt=\"\" class=\"wp-image-39\" style=\"width:374px;height:auto\" srcset=\"https:\/\/medskin.cz\/wp-content\/uploads\/2026\/03\/vzor.png 1080w, https:\/\/medskin.cz\/wp-content\/uploads\/2026\/03\/vzor-300x300.png 300w, https:\/\/medskin.cz\/wp-content\/uploads\/2026\/03\/vzor-1024x1024.png 1024w, https:\/\/medskin.cz\/wp-content\/uploads\/2026\/03\/vzor-150x150.png 150w, https:\/\/medskin.cz\/wp-content\/uploads\/2026\/03\/vzor-768x768.png 768w\" sizes=\"auto, (max-width: 1080px) 100vw, 1080px\" \/><\/figure>\n\n\n\n<h3 class=\"wp-block-heading\" style=\"margin-top:16px\">\u00c4sthetische Medizin<\/h3>\n\n\n\n<p>Moderne nicht-invasive und minimalinvasive Behandlungen mit Fokus auf:<\/p>\n\n\n\n<ul class=\"wp-block-list\">\n<li>Faltenreduktion<\/li>\n\n\n\n<li>Hautverj\u00fcngung<\/li>\n\n\n\n<li>Hydratation und Regeneration<\/li>\n<\/ul>\n<\/div>\n\n\n\n<div class=\"wp-block-column is-layout-flow wp-container-core-column-is-layout-6b73ce23 wp-block-column-is-layout-flow\">\n<figure class=\"wp-block-image size-full\"><img loading=\"lazy\" decoding=\"async\" width=\"1080\" height=\"1080\" src=\"http:\/\/medskin.cz\/wp-content\/uploads\/2026\/03\/vzor.png\" alt=\"\" class=\"wp-image-39\" srcset=\"https:\/\/medskin.cz\/wp-content\/uploads\/2026\/03\/vzor.png 1080w, https:\/\/medskin.cz\/wp-content\/uploads\/2026\/03\/vzor-300x300.png 300w, https:\/\/medskin.cz\/wp-content\/uploads\/2026\/03\/vzor-1024x1024.png 1024w, https:\/\/medskin.cz\/wp-content\/uploads\/2026\/03\/vzor-150x150.png 150w, https:\/\/medskin.cz\/wp-content\/uploads\/2026\/03\/vzor-768x768.png 768w\" sizes=\"auto, (max-width: 1080px) 100vw, 1080px\" \/><\/figure>\n\n\n\n<h3 class=\"wp-block-heading\" style=\"margin-top:16px\">Hyalurons\u00e4ure<\/h3>\n\n\n\n<p>Ein nat\u00fcrliches, sanftes und harmonisches Aussehen<\/p>\n\n\n\n<ul class=\"wp-block-list\">\n<li>Faltenunterspritzung<\/li>\n\n\n\n<li>Lippenmodellierung<\/li>\n\n\n\n<li>Gesichtskonturierung<\/li>\n<\/ul>\n<\/div>\n\n\n\n<div class=\"wp-block-column is-layout-flow wp-container-core-column-is-layout-6b73ce23 wp-block-column-is-layout-flow\">\n<figure class=\"wp-block-image size-full\"><img loading=\"lazy\" decoding=\"async\" width=\"1080\" height=\"1080\" src=\"http:\/\/medskin.cz\/wp-content\/uploads\/2026\/03\/vzor.png\" alt=\"\" class=\"wp-image-39\" srcset=\"https:\/\/medskin.cz\/wp-content\/uploads\/2026\/03\/vzor.png 1080w, https:\/\/medskin.cz\/wp-content\/uploads\/2026\/03\/vzor-300x300.png 300w, https:\/\/medskin.cz\/wp-content\/uploads\/2026\/03\/vzor-1024x1024.png 1024w, https:\/\/medskin.cz\/wp-content\/uploads\/2026\/03\/vzor-150x150.png 150w, https:\/\/medskin.cz\/wp-content\/uploads\/2026\/03\/vzor-768x768.png 768w\" sizes=\"auto, (max-width: 1080px) 100vw, 1080px\" \/><\/figure>\n\n\n\n<h3 class=\"wp-block-heading\" style=\"margin-top:16px\">\u00c4sthetische Gyn\u00e4kologie<\/h3>\n\n\n\n<p>Diskrete und fachkundige Betreuung mit Fokus auf:<\/p>\n\n\n\n<ul class=\"wp-block-list\">\n<li>Komfort<\/li>\n\n\n\n<li>Funktionalit\u00e4t<\/li>\n\n\n\n<li>Selbstbewusstsein<\/li>\n<\/ul>\n<\/div>\n<\/div>\n<\/div>\n\n\n\n<div class=\"wp-block-group alignfull has-ast-global-color-5-background-color has-background is-layout-constrained wp-container-core-group-is-layout-94d206d0 wp-block-group-is-layout-constrained\" id=\"about\" style=\"padding-top:143px;padding-bottom:144px\">\n<div class=\"wp-block-media-text has-media-on-the-right is-stacked-on-mobile is-vertically-aligned-center\" style=\"grid-template-columns:auto 43%\"><div class=\"wp-block-media-text__content\">\n<div class=\"inherit-container-width wp-block-group is-layout-constrained wp-container-core-group-is-layout-47ce07ec wp-block-group-is-layout-constrained\" style=\"padding-right:80px\">\n<h2 class=\"wp-block-heading\" style=\"padding-right:40px\">Warum Sie uns w\u00e4hlen sollten<\/h2>\n\n\n\n<p><strong>Warum gerade MedSkin?<\/strong><\/p>\n\n\n\n<p>\u2714 Medizinischer Ansatz (kein Kosmetikstudio)<br>\u2714 Kontinuierliche Weiterbildung und internationale Kongresse<br>\u2714 Pers\u00f6nliche Erfahrung mit Behandlungen<br>\u2714 Fokus auf ein nat\u00fcrliches Ergebnis<br>\u2714 Diskrete und sichere Umgebung<\/p>\n\n\n\n<p><\/p>\n<\/div>\n<\/div><figure class=\"wp-block-media-text__media\"><img loading=\"lazy\" decoding=\"async\" width=\"819\" height=\"1024\" src=\"http:\/\/medskin.cz\/wp-content\/uploads\/2026\/03\/SnapInsta.to_475390393_18297964105229954_629291731012922080_n-819x1024.jpg\" alt=\"\" class=\"wp-image-37 size-full\" srcset=\"https:\/\/medskin.cz\/wp-content\/uploads\/2026\/03\/SnapInsta.to_475390393_18297964105229954_629291731012922080_n-819x1024.jpg 819w, https:\/\/medskin.cz\/wp-content\/uploads\/2026\/03\/SnapInsta.to_475390393_18297964105229954_629291731012922080_n-240x300.jpg 240w, https:\/\/medskin.cz\/wp-content\/uploads\/2026\/03\/SnapInsta.to_475390393_18297964105229954_629291731012922080_n-768x960.jpg 768w, https:\/\/medskin.cz\/wp-content\/uploads\/2026\/03\/SnapInsta.to_475390393_18297964105229954_629291731012922080_n.jpg 1080w\" sizes=\"auto, (max-width: 819px) 100vw, 819px\" \/><\/figure><\/div>\n<\/div>\n\n\n\n<div class=\"wp-block-group alignfull has-ast-global-color-4-background-color has-background is-layout-constrained wp-container-core-group-is-layout-6a2cfb7b wp-block-group-is-layout-constrained\" id=\"reviews\">\n<figure class=\"wp-block-image aligncenter size-full is-resized\"><img loading=\"lazy\" decoding=\"async\" width=\"1080\" height=\"1350\" src=\"http:\/\/medskin.cz\/wp-content\/uploads\/2026\/03\/SnapInsta.to_475411691_18297964087229954_1385144378315618158_n.jpg\" alt=\"\" class=\"wp-image-32\" style=\"width:154px;height:auto\" srcset=\"https:\/\/medskin.cz\/wp-content\/uploads\/2026\/03\/SnapInsta.to_475411691_18297964087229954_1385144378315618158_n.jpg 1080w, https:\/\/medskin.cz\/wp-content\/uploads\/2026\/03\/SnapInsta.to_475411691_18297964087229954_1385144378315618158_n-240x300.jpg 240w, https:\/\/medskin.cz\/wp-content\/uploads\/2026\/03\/SnapInsta.to_475411691_18297964087229954_1385144378315618158_n-819x1024.jpg 819w, https:\/\/medskin.cz\/wp-content\/uploads\/2026\/03\/SnapInsta.to_475411691_18297964087229954_1385144378315618158_n-768x960.jpg 768w\" sizes=\"auto, (max-width: 1080px) 100vw, 1080px\" \/><\/figure>\n\n\n\n<p class=\"has-text-align-center\" style=\"font-size:22px;line-height:1.6\">Ich wollte schon immer etwas Sinnvolles tun \u2013 eine Arbeit, die mich nicht nur erf\u00fcllt, sondern auch anderen hilft. Medizin war f\u00fcr mich schon seit meiner Kindheit eine klare Wahl.<\/p>\n\n\n\n<p class=\"has-text-align-center\">Meine berufliche Laufbahn begann ich in der Klinik in Weiden auf der spezialisierten Abteilung f\u00fcr Gyn\u00e4kologie und Geburtshilfe. Gerade dort erhielt ich eine solide Grundlage f\u00fcr die Arbeit mit Frauengesundheit und individueller Betreuung.<\/p>\n\n\n\n<p class=\"has-text-align-center\">W\u00e4hrend meines Studiums wurde mir eine wichtige Sache bewusst \u2013 <strong>sch\u00f6n zu sein ist keine Selbstverst\u00e4ndlichkeit, sondern ein Prozess, der anspruchsvoll und manchmal auch anstrengend sein kann.<\/strong><\/p>\n\n\n\n<p class=\"has-text-align-center\">Deshalb habe ich mich verst\u00e4rkt auf nat\u00fcrliche und sichere Ans\u00e4tze, \u00e4sthetische Gyn\u00e4kologie und moderne \u00e4sthetische Medizin spezialisiert.<\/p>\n\n\n\n<p class=\"has-text-align-center\"><strong>MUDr. Martina Mydl\u00e1\u0159ov\u00e1<\/strong><\/p>\n<\/div>\n\n\n\n<div class=\"wp-block-group alignfull is-layout-constrained wp-container-core-group-is-layout-3fee123f wp-block-group-is-layout-constrained\" id=\"whyus\" style=\"padding-top:144px;padding-bottom:144px\">\n<h2 class=\"wp-block-heading\">H\u00e4ufig gestellte Fragen<\/h2>\n\n\n\n<div class=\"wp-block-columns is-layout-flex wp-container-core-columns-is-layout-29aadeec wp-block-columns-is-layout-flex\" style=\"margin-top:60px\">\n<div class=\"wp-block-column is-layout-flow wp-container-core-column-is-layout-6b73ce23 wp-block-column-is-layout-flow\">\n<figure class=\"wp-block-image size-large\"><img decoding=\"async\" src=\"http:\/\/medskin.cz\/wp-content\/themes\/astra\/inc\/assets\/images\/starter-content\/passionate.svg\" alt=\"\" class=\"wp-image-162\"\/><\/figure>\n\n\n\n<h3 class=\"wp-block-heading\" style=\"margin-top:16px\"><strong>Sind die Behandlungen schmerzhaft?<\/strong><\/h3>\n\n\n\n<p>Die meisten Behandlungen sind nur minimal schmerzhaft und verlaufen mit maximalem Komfort.<br><\/p>\n<\/div>\n\n\n\n<div class=\"wp-block-column is-layout-flow wp-container-core-column-is-layout-6b73ce23 wp-block-column-is-layout-flow\">\n<figure class=\"wp-block-image size-large\"><img decoding=\"async\" src=\"http:\/\/medskin.cz\/wp-content\/themes\/astra\/inc\/assets\/images\/starter-content\/professional.svg\" alt=\"\" class=\"wp-image-163\"\/><\/figure>\n\n\n\n<h3 class=\"wp-block-heading\" style=\"margin-top:16px\"><strong>Wie lange dauert die Heilung?<\/strong><\/h3>\n\n\n\n<p>Das h\u00e4ngt von der Art des Eingriffs ab, in der Regel handelt es sich jedoch um eine kurze Erholungszeit.<br><\/p>\n<\/div>\n\n\n\n<div class=\"wp-block-column is-layout-flow wp-container-core-column-is-layout-6b73ce23 wp-block-column-is-layout-flow\">\n<figure class=\"wp-block-image size-large\"><img decoding=\"async\" src=\"http:\/\/medskin.cz\/wp-content\/themes\/astra\/inc\/assets\/images\/starter-content\/support.svg\" alt=\"\" class=\"wp-image-164\"\/><\/figure>\n\n\n\n<h3 class=\"wp-block-heading\" style=\"margin-top:16px\"><strong>Ist das Ergebnis nat\u00fcrlich?<\/strong><\/h3>\n\n\n\n<p>Ja \u2013 Nat\u00fcrlichkeit hat f\u00fcr uns absolute Priorit\u00e4t.<\/p>\n<\/div>\n<\/div>\n<\/div>\n\n\n\n<div class=\"wp-block-group alignfull has-background is-layout-flow wp-block-group-is-layout-flow\" id=\"contact\" style=\"background:linear-gradient(35deg,rgb(150,0,128) 0%,rgb(241,5,255) 64%,rgb(255,15,228) 98%);padding-top:104px;padding-bottom:104px\">\n<div class=\"wp-block-columns is-layout-flex wp-container-core-columns-is-layout-28f84493 wp-block-columns-is-layout-flex\">\n<div class=\"wp-block-column is-layout-flow wp-block-column-is-layout-flow\" style=\"flex-basis:33.33%\">\n<div class=\"wp-block-buttons is-layout-flex wp-block-buttons-is-layout-flex\"><\/div>\n<\/div>\n<\/div>\n\n\n\n<div class=\"wp-block-columns is-layout-flex wp-container-core-columns-is-layout-28f84493 wp-block-columns-is-layout-flex\">\n<div class=\"wp-block-column is-layout-flow wp-block-column-is-layout-flow\" style=\"flex-basis:33%\">\n<p class=\"has-ast-global-color-5-color has-text-color has-link-color wp-elements-809e3cdce3d8626bfa2b8bc249391fd4\">Jihlava<\/p>\n\n\n\n<iframe src=\"https:\/\/www.google.com\/maps\/embed?pb=!1m18!1m12!1m3!1d2596.9262025610806!2d15.5933806774772!3d49.39138796304903!2m3!1f0!2f0!3f0!3m2!1i1024!2i768!4f13.1!3m3!1m2!1s0x470d1a0d17e1611b%3A0xc824340c98c84b3f!2sMo%C5%A1nova%20694%2F5%2C%20586%2001%20Jihlava%201!5e0!3m2!1scs!2scz!4v1774010940195!5m2!1scs!2scz\" width=\"600\" height=\"450\" style=\"border:0;\" allowfullscreen=\"\" loading=\"lazy\" referrerpolicy=\"no-referrer-when-downgrade\"><\/iframe>\n<\/div>\n\n\n\n<div class=\"wp-block-column is-layout-flow wp-block-column-is-layout-flow\" style=\"flex-basis:33%\">\n<div class=\"wp-block-buttons is-content-justification-center is-layout-flex wp-container-core-buttons-is-layout-b5994976 wp-block-buttons-is-layout-flex\">\n<div class=\"wp-block-button\"><a class=\"wp-block-button__link wp-element-button\" href=\"https:\/\/rezervace.medskin.cz\/\">Buchung<\/a><\/div>\n<\/div>\n\n\n\n<h6 class=\"wp-block-heading has-text-align-center has-ast-global-color-5-color has-text-color has-link-color wp-elements-2e5715d353c22f05e7f6d86ec00d08ab\"><strong>Telefon:<\/strong> <a href=\"tel:+420607181777\">+420607181777<\/a><\/h6>\n\n\n\n<p class=\"has-text-align-center has-ast-global-color-5-color has-text-color has-link-color wp-elements-442289f32594db3c126fd728f92e0c87\"><strong>E-mail:<\/strong><\/p>\n<\/div>\n\n\n\n<div class=\"wp-block-column is-vertically-aligned-bottom is-layout-flow wp-block-column-is-layout-flow\" style=\"flex-basis:25%\">\n<p class=\"has-ast-global-color-5-color has-text-color has-link-color wp-elements-06e18d6a51e17b095b01d0c827dd05fd\">Plze\u0148<\/p>\n\n\n\n<iframe src=\"https:\/\/www.google.com\/maps\/embed?pb=!1m18!1m12!1m3!1d2578.7309879655277!2d13.364466996751826!3d49.7346882650691!2m3!1f0!2f0!3f0!3m2!1i1024!2i768!4f13.1!3m3!1m2!1s0x470aee0343760063%3A0x248feabc0ff89382!2sRECLINO%20-%20centrum%20komplexn%C3%AD%20p%C3%A9%C4%8De!5e0!3m2!1scs!2scz!4v1774011233912!5m2!1scs!2scz\" width=\"600\" height=\"450\" style=\"border:0;\" allowfullscreen=\"\" loading=\"lazy\" referrerpolicy=\"no-referrer-when-downgrade\"><\/iframe>\n<\/div>\n<\/div>\n<\/div>\n\n\n\n<p><\/p>","protected":false},"excerpt":{"rendered":"<p>Na\u0161e slu\u017eby Estetick\u00e1 medic\u00edna Modern\u00ed neinvazivn\u00ed i minim\u00e1ln\u011b invazivn\u00ed z\u00e1kroky zam\u011b\u0159en\u00e9 na: Kyselina hyaluronov\u00e1 P\u0159irozen\u00fd, jemn\u00fd a harmonick\u00fd vzhled Estetick\u00e1 [&hellip;]<\/p>\n","protected":false},"author":1,"featured_media":0,"parent":0,"menu_order":0,"comment_status":"closed","ping_status":"closed","template":"","meta":{"site-sidebar-layout":"no-sidebar","site-content-layout":"plain-container","ast-site-content-layout":"default","site-content-style":"default","site-sidebar-style":"default","ast-global-header-display":"","ast-banner-title-visibility":"","ast-main-header-display":"","ast-hfb-above-header-display":"","ast-hfb-below-header-display":"","ast-hfb-mobile-header-display":"","site-post-title":"disabled","ast-breadcrumbs-content":"","ast-featured-img":"","footer-sml-layout":"","ast-disable-related-posts":"","theme-transparent-header-meta":"enabled","adv-header-id-meta":"","stick-header-meta":"","header-above-stick-meta":"","header-main-stick-meta":"","header-below-stick-meta":"","astra-migrate-meta-layouts":"default","ast-page-background-enabled":"default","ast-page-background-meta":{"desktop":{"background-color":"var(--ast-global-color-5)","background-image":"","background-repeat":"repeat","background-position":"center center","background-size":"auto","background-attachment":"scroll","background-type":"","background-media":"","overlay-type":"","overlay-color":"","overlay-opacity":"","overlay-gradient":""},"tablet":{"background-color":"","background-image":"","background-repeat":"repeat","background-position":"center center","background-size":"auto","background-attachment":"scroll","background-type":"","background-media":"","overlay-type":"","overlay-color":"","overlay-opacity":"","overlay-gradient":""},"mobile":{"background-color":"","background-image":"","background-repeat":"repeat","background-position":"center center","background-size":"auto","background-attachment":"scroll","background-type":"","background-media":"","overlay-type":"","overlay-color":"","overlay-opacity":"","overlay-gradient":""}},"ast-content-background-meta":{"desktop":{"background-color":"var(--ast-global-color-4)","background-image":"","background-repeat":"repeat","background-position":"center center","background-size":"auto","background-attachment":"scroll","background-type":"","background-media":"","overlay-type":"","overlay-color":"","overlay-opacity":"","overlay-gradient":""},"tablet":{"background-color":"var(--ast-global-color-4)","background-image":"","background-repeat":"repeat","background-position":"center center","background-size":"auto","background-attachment":"scroll","background-type":"","background-media":"","overlay-type":"","overlay-color":"","overlay-opacity":"","overlay-gradient":""},"mobile":{"background-color":"var(--ast-global-color-4)","background-image":"","background-repeat":"repeat","background-position":"center center","background-size":"auto","background-attachment":"scroll","background-type":"","background-media":"","overlay-type":"","overlay-color":"","overlay-opacity":"","overlay-gradient":""}},"footnotes":""},"class_list":["post-7","page","type-page","status-publish","hentry"],"_links":{"self":[{"href":"https:\/\/medskin.cz\/de\/wp-json\/wp\/v2\/pages\/7","targetHints":{"allow":["GET"]}}],"collection":[{"href":"https:\/\/medskin.cz\/de\/wp-json\/wp\/v2\/pages"}],"about":[{"href":"https:\/\/medskin.cz\/de\/wp-json\/wp\/v2\/types\/page"}],"author":[{"embeddable":true,"href":"https:\/\/medskin.cz\/de\/wp-json\/wp\/v2\/users\/1"}],"replies":[{"embeddable":true,"href":"https:\/\/medskin.cz\/de\/wp-json\/wp\/v2\/comments?post=7"}],"version-history":[{"count":11,"href":"https:\/\/medskin.cz\/de\/wp-json\/wp\/v2\/pages\/7\/revisions"}],"predecessor-version":[{"id":61,"href":"https:\/\/medskin.cz\/de\/wp-json\/wp\/v2\/pages\/7\/revisions\/61"}],"wp:attachment":[{"href":"https:\/\/medskin.cz\/de\/wp-json\/wp\/v2\/media?parent=7"}],"curies":[{"name":"wp","href":"https:\/\/api.w.org\/{rel}","templated":true}]}}